{"id":10,"date":"2014-06-23T10:28:27","date_gmt":"2014-06-23T09:28:27","guid":{"rendered":"https:\/\/www.hallebohuset.se\/?page_id=10"},"modified":"2014-07-01T13:48:01","modified_gmt":"2014-07-01T12:48:01","slug":"swe","status":"publish","type":"page","link":"https:\/\/www.hallebohuset.se\/","title":{"rendered":"Hallebohuset"},"content":{"rendered":"<p>Ett mycket trivsamt och bekv\u00e4mt boende v\u00e5ra g\u00e4ster g\u00e4rna \u00e5terv\u00e4nder till!<br \/>\nVarmt v\u00e4lkomna till oss! Maria\u00a0och Lennart<\/p>\n<p style=\"text-align: left;\"><span class=\"style9\">Ein sehr gem\u00fctliches und bequemes Haus zu dem unsere G\u00e4ste gerne zur\u00fcckkehren.<br \/>\nWir w\u00fcnschen Ihnen an uns herzlich willkommen! <\/span> <span class=\"style3\">Maria und Lennart <\/span><\/p>\n<p><span class=\"style9\">A very cozy and comfortable cottage that our guests often return to!<br \/>\nA very warm welcome to stay in our cottage! Maria and Lennart<\/span><\/p>\n","protected":false},"excerpt":{"rendered":"<p>Ett mycket trivsamt och bekv\u00e4mt boende v\u00e5ra g\u00e4ster g\u00e4rna \u00e5terv\u00e4nder till! Varmt v\u00e4lkomna till oss! Maria\u00a0och Lennart Ein sehr gem\u00fctliches und bequemes Haus zu dem unsere G\u00e4ste gerne zur\u00fcckkehren. Wir w\u00fcnschen Ihnen an uns herzlich willkommen! Maria und Lennart A &hellip; <a href=\"https:\/\/www.hallebohuset.se\/\">Continue reading <span class=\"meta-nav\">&rarr;<\/span><\/a><\/p>\n","protected":false},"author":1,"featured_media":0,"parent":0,"menu_order":0,"comment_status":"open","ping_status":"open","template":"","meta":{"footnotes":""},"class_list":["post-10","page","type-page","status-publish","hentry"],"_links":{"self":[{"href":"https:\/\/www.hallebohuset.se\/index.php?rest_route=\/wp\/v2\/pages\/10","targetHints":{"allow":["GET"]}}],"collection":[{"href":"https:\/\/www.hallebohuset.se\/index.php?rest_route=\/wp\/v2\/pages"}],"about":[{"href":"https:\/\/www.hallebohuset.se\/index.php?rest_route=\/wp\/v2\/types\/page"}],"author":[{"embeddable":true,"href":"https:\/\/www.hallebohuset.se\/index.php?rest_route=\/wp\/v2\/users\/1"}],"replies":[{"embeddable":true,"href":"https:\/\/www.hallebohuset.se\/index.php?rest_route=%2Fwp%2Fv2%2Fcomments&post=10"}],"version-history":[{"count":4,"href":"https:\/\/www.hallebohuset.se\/index.php?rest_route=\/wp\/v2\/pages\/10\/revisions"}],"predecessor-version":[{"id":83,"href":"https:\/\/www.hallebohuset.se\/index.php?rest_route=\/wp\/v2\/pages\/10\/revisions\/83"}],"wp:attachment":[{"href":"https:\/\/www.hallebohuset.se\/index.php?rest_route=%2Fwp%2Fv2%2Fmedia&parent=10"}],"curies":[{"name":"wp","href":"https:\/\/api.w.org\/{rel}","templated":true}]}}