{"id":27,"date":"2014-06-26T16:41:35","date_gmt":"2014-06-26T15:41:35","guid":{"rendered":"https:\/\/www.hallebohuset.se\/?page_id=27"},"modified":"2017-11-01T11:01:48","modified_gmt":"2017-11-01T10:01:48","slug":"valkommen","status":"publish","type":"page","link":"https:\/\/www.hallebohuset.se\/?page_id=27","title":{"rendered":"V\u00e4lkommen"},"content":{"rendered":"<p>Varmt v\u00e4lkommen till J\u00f6nk\u00f6ping och \u201dHallebohuset\u201d, ett fr\u00e4scht och modernt boende i charmig unik 1800-tals milj\u00f6, med utsikt \u00f6ver sj\u00f6n V\u00e4ttern.<\/p>\n<p>Vi bedriver uthyrning f\u00f6r semesterboende, m\u00e4ssbes\u00f6kare och weekendg\u00e4ster. \u00c4ven kort\/l\u00e5ngtidsuthyrning f\u00f6r dej som arbetar i n\u00e4romr\u00e5det under begr\u00e4nsad period.<\/p>\n<p>Mer <a title=\"Info\" href=\"https:\/\/www.hallebohuset.se\/?page_id=32\">Info<\/a>.<\/p>\n<p>Sm\u00e5lands Turism &#8211; <a href=\"https:\/\/www.visitsmaland.se\/sv\" target=\"_blank\">www.visitsmaland.se<\/a><br \/>\nM\u00e4ssarrang\u00f6ren Elmia &#8211; <a title=\"www.elmia.se\" href=\"http:\/\/www.elmia.se\" target=\"_blank\">www.elmia.se<\/a><br \/>\nJ\u00f6nk\u00f6pings kommun &#8211; <a title=\"www.jonkoping.se\" href=\"http:\/\/www.jonkoping.se\" target=\"_blank\">www.jonkoping.se<\/a><br \/>\n\u00c4lgsafari &#8211; <a title=\"www.smalandet.se\" href=\"http:\/\/www.smalandet.se\" target=\"_blank\">www.smalandet.se<\/a><\/p>\n","protected":false},"excerpt":{"rendered":"<p>Varmt v\u00e4lkommen till J\u00f6nk\u00f6ping och \u201dHallebohuset\u201d, ett fr\u00e4scht och modernt boende i charmig unik 1800-tals milj\u00f6, med utsikt \u00f6ver sj\u00f6n V\u00e4ttern. Vi bedriver uthyrning f\u00f6r semesterboende, m\u00e4ssbes\u00f6kare och weekendg\u00e4ster. \u00c4ven kort\/l\u00e5ngtidsuthyrning f\u00f6r dej som arbetar i n\u00e4romr\u00e5det under begr\u00e4nsad period. &hellip; <a href=\"https:\/\/www.hallebohuset.se\/?page_id=27\">Continue reading <span class=\"meta-nav\">&rarr;<\/span><\/a><\/p>\n","protected":false},"author":1,"featured_media":0,"parent":15,"menu_order":0,"comment_status":"open","ping_status":"open","template":"","meta":{"footnotes":""},"class_list":["post-27","page","type-page","status-publish","hentry"],"_links":{"self":[{"href":"https:\/\/www.hallebohuset.se\/index.php?rest_route=\/wp\/v2\/pages\/27","targetHints":{"allow":["GET"]}}],"collection":[{"href":"https:\/\/www.hallebohuset.se\/index.php?rest_route=\/wp\/v2\/pages"}],"about":[{"href":"https:\/\/www.hallebohuset.se\/index.php?rest_route=\/wp\/v2\/types\/page"}],"author":[{"embeddable":true,"href":"https:\/\/www.hallebohuset.se\/index.php?rest_route=\/wp\/v2\/users\/1"}],"replies":[{"embeddable":true,"href":"https:\/\/www.hallebohuset.se\/index.php?rest_route=%2Fwp%2Fv2%2Fcomments&post=27"}],"version-history":[{"count":5,"href":"https:\/\/www.hallebohuset.se\/index.php?rest_route=\/wp\/v2\/pages\/27\/revisions"}],"predecessor-version":[{"id":114,"href":"https:\/\/www.hallebohuset.se\/index.php?rest_route=\/wp\/v2\/pages\/27\/revisions\/114"}],"up":[{"embeddable":true,"href":"https:\/\/www.hallebohuset.se\/index.php?rest_route=\/wp\/v2\/pages\/15"}],"wp:attachment":[{"href":"https:\/\/www.hallebohuset.se\/index.php?rest_route=%2Fwp%2Fv2%2Fmedia&parent=27"}],"curies":[{"name":"wp","href":"https:\/\/api.w.org\/{rel}","templated":true}]}}