{"id":32,"date":"2014-06-27T12:42:14","date_gmt":"2014-06-27T11:42:14","guid":{"rendered":"https:\/\/www.hallebohuset.se\/?page_id=32"},"modified":"2014-06-30T10:31:00","modified_gmt":"2014-06-30T09:31:00","slug":"info","status":"publish","type":"page","link":"https:\/\/www.hallebohuset.se\/?page_id=32","title":{"rendered":"Info"},"content":{"rendered":"<p>\u201dHallebohuset\u201d har dessa bekv\u00e4mligheter:<\/p>\n<ul>\n<li>I k\u00f6ket finns elspis, ugn, mikrov\u00e5gsugn, vedspis, diskmaskin, kyl\/frys samt fullutrustat med porslin f\u00f6r upp till 8 pers<\/li>\n<li>1 vardagsrum med b\u00e4ddsoffa f\u00f6r tv\u00e5 pers, samt mindre s\u00e4ng\/soffa l\u00e4mplig f\u00f6r barn\/ton\u00e5ring.<\/li>\n<li>1 sovrum med tv\u00e5 separata s\u00e4ngar<\/li>\n<li>1 genomg\u00e5ngsrum med en s\u00e4ng<\/li>\n<li>Baby\/barn s\u00e4ng finns att tillg\u00e5<\/li>\n<li>Dusch\/WC<\/li>\n<li>TV, med flera utl\u00e4ndska kanaler, i vardagsrummet<\/li>\n<li>Kakelugn i vardagsrum<\/li>\n<li>Uteplats med utem\u00f6bler, grillm\u00f6jligheter<\/li>\n<li>Tv\u00e4ttmaskin och torktumlare \u00e4r bel\u00e4gen i k\u00e4llarplanet<\/li>\n<li>Strykbr\u00e4da och strykj\u00e4rn finns i huset<\/li>\n<li>El\/vatten kostnader ing\u00e5r i priset vid korttidsuthyrning<\/li>\n<li>M\u00f6jlighet att hyra s\u00e4nglinne och handdukar<\/li>\n<li>M\u00f6jlighet att k\u00f6pa frukost, som kommer att finnas i kylsk\u00e5pet<\/li>\n<li>\u201dHallebohuset\u201d \u00e4r bel\u00e4get p\u00e5 omr\u00e5det Bymarken med h\u00e4rlig utsikt \u00f6ver V\u00e4ttern<\/li>\n<li>G\u00e5ngavst\u00e5nd till J\u00f6nk\u00f6pings centrum med aff\u00e4rer och restauranger<\/li>\n<li>I n\u00e4rheten finns 10 golfbanor!<\/li>\n<li>Husdjur ej till\u00e5tna<\/li>\n<li>R\u00f6kning inomhus f\u00f6rbjuden<\/li>\n<\/ul>\n<p>Vill du veta mer om Hallebohuset, maila oss p\u00e5 <a href=\"mailto:info@hallebohuset.se\">info@hallebohuset.se<\/a><\/p>\n","protected":false},"excerpt":{"rendered":"<p>\u201dHallebohuset\u201d har dessa bekv\u00e4mligheter: I k\u00f6ket finns elspis, ugn, mikrov\u00e5gsugn, vedspis, diskmaskin, kyl\/frys samt fullutrustat med porslin f\u00f6r upp till 8 pers 1 vardagsrum med b\u00e4ddsoffa f\u00f6r tv\u00e5 pers, samt mindre s\u00e4ng\/soffa l\u00e4mplig f\u00f6r barn\/ton\u00e5ring. 1 sovrum med tv\u00e5 separata &hellip; <a href=\"https:\/\/www.hallebohuset.se\/?page_id=32\">Continue reading <span class=\"meta-nav\">&rarr;<\/span><\/a><\/p>\n","protected":false},"author":1,"featured_media":0,"parent":15,"menu_order":2,"comment_status":"open","ping_status":"open","template":"","meta":{"footnotes":""},"class_list":["post-32","page","type-page","status-publish","hentry"],"_links":{"self":[{"href":"https:\/\/www.hallebohuset.se\/index.php?rest_route=\/wp\/v2\/pages\/32","targetHints":{"allow":["GET"]}}],"collection":[{"href":"https:\/\/www.hallebohuset.se\/index.php?rest_route=\/wp\/v2\/pages"}],"about":[{"href":"https:\/\/www.hallebohuset.se\/index.php?rest_route=\/wp\/v2\/types\/page"}],"author":[{"embeddable":true,"href":"https:\/\/www.hallebohuset.se\/index.php?rest_route=\/wp\/v2\/users\/1"}],"replies":[{"embeddable":true,"href":"https:\/\/www.hallebohuset.se\/index.php?rest_route=%2Fwp%2Fv2%2Fcomments&post=32"}],"version-history":[{"count":3,"href":"https:\/\/www.hallebohuset.se\/index.php?rest_route=\/wp\/v2\/pages\/32\/revisions"}],"predecessor-version":[{"id":80,"href":"https:\/\/www.hallebohuset.se\/index.php?rest_route=\/wp\/v2\/pages\/32\/revisions\/80"}],"up":[{"embeddable":true,"href":"https:\/\/www.hallebohuset.se\/index.php?rest_route=\/wp\/v2\/pages\/15"}],"wp:attachment":[{"href":"https:\/\/www.hallebohuset.se\/index.php?rest_route=%2Fwp%2Fv2%2Fmedia&parent=32"}],"curies":[{"name":"wp","href":"https:\/\/api.w.org\/{rel}","templated":true}]}}