{"id":46,"date":"2014-06-27T12:51:50","date_gmt":"2014-06-27T11:51:50","guid":{"rendered":"https:\/\/www.hallebohuset.se\/?page_id=46"},"modified":"2017-11-01T11:02:20","modified_gmt":"2017-11-01T10:02:20","slug":"willkommen","status":"publish","type":"page","link":"https:\/\/www.hallebohuset.se\/?page_id=46","title":{"rendered":"Willkommen"},"content":{"rendered":"<p>Herzlich willkommen zum \u00b4Hallebohuset\u00b4 in J\u00f6nk\u00f6ping!<\/p>\n<p>Willkommen nach J\u00f6nk\u00f6ping und \u00b4Hallebohuset\u00b4, ein frisches und modernes Haus in einem gem\u00fctlichen Milieu aus dem 17.Jh., mit Aussicht \u00fcber den V\u00e4tternsee.<br \/>\nWir vermieten das Haus f\u00fcr Urlaub, Messen und f\u00fcr ein Wochenende. Auch Vermietung f\u00fcr kurze\/l\u00e4ngere Zeit wenn Sie f\u00fcr eine bestimmte Zeit in der N\u00e4he arbeiten.<\/p>\n<p>Mehr Info.<\/p>\n<p>Sm\u00e5lands Turism\u00a0 &#8211; <a href=\"https:\/\/www.visitsmaland.se\/sv\" target=\"_blank\">www.visitsmaland.se<\/a><br \/>\nM\u00e4sseveranstalter Elmia &#8211; <a title=\"www.elmia.se\" href=\"http:\/\/www.elmia.se\" target=\"_blank\">www.elmia.se<\/a><br \/>\nJ\u00f6nk\u00f6pings Kommune &#8211; <a title=\"www.jonkoping.se\" href=\"http:\/\/www.jonkoping.se\" target=\"_blank\">www.jonkoping.se<\/a><br \/>\nElchsafari &#8211; <a title=\"www.smalandet.se\" href=\"http:\/\/www.smalandet.se\" target=\"_blank\">www.smalandet.se<\/a><\/p>\n","protected":false},"excerpt":{"rendered":"<p>Herzlich willkommen zum \u00b4Hallebohuset\u00b4 in J\u00f6nk\u00f6ping! Willkommen nach J\u00f6nk\u00f6ping und \u00b4Hallebohuset\u00b4, ein frisches und modernes Haus in einem gem\u00fctlichen Milieu aus dem 17.Jh., mit Aussicht \u00fcber den V\u00e4tternsee. Wir vermieten das Haus f\u00fcr Urlaub, Messen und f\u00fcr ein Wochenende. Auch &hellip; <a href=\"https:\/\/www.hallebohuset.se\/?page_id=46\">Continue reading <span class=\"meta-nav\">&rarr;<\/span><\/a><\/p>\n","protected":false},"author":1,"featured_media":0,"parent":20,"menu_order":0,"comment_status":"open","ping_status":"open","template":"","meta":{"footnotes":""},"class_list":["post-46","page","type-page","status-publish","hentry"],"_links":{"self":[{"href":"https:\/\/www.hallebohuset.se\/index.php?rest_route=\/wp\/v2\/pages\/46","targetHints":{"allow":["GET"]}}],"collection":[{"href":"https:\/\/www.hallebohuset.se\/index.php?rest_route=\/wp\/v2\/pages"}],"about":[{"href":"https:\/\/www.hallebohuset.se\/index.php?rest_route=\/wp\/v2\/types\/page"}],"author":[{"embeddable":true,"href":"https:\/\/www.hallebohuset.se\/index.php?rest_route=\/wp\/v2\/users\/1"}],"replies":[{"embeddable":true,"href":"https:\/\/www.hallebohuset.se\/index.php?rest_route=%2Fwp%2Fv2%2Fcomments&post=46"}],"version-history":[{"count":2,"href":"https:\/\/www.hallebohuset.se\/index.php?rest_route=\/wp\/v2\/pages\/46\/revisions"}],"predecessor-version":[{"id":115,"href":"https:\/\/www.hallebohuset.se\/index.php?rest_route=\/wp\/v2\/pages\/46\/revisions\/115"}],"up":[{"embeddable":true,"href":"https:\/\/www.hallebohuset.se\/index.php?rest_route=\/wp\/v2\/pages\/20"}],"wp:attachment":[{"href":"https:\/\/www.hallebohuset.se\/index.php?rest_route=%2Fwp%2Fv2%2Fmedia&parent=46"}],"curies":[{"name":"wp","href":"https:\/\/api.w.org\/{rel}","templated":true}]}}